{"id":656,"date":"2025-06-02T11:38:26","date_gmt":"2025-06-02T09:38:26","guid":{"rendered":"https:\/\/fluffysschnack.de\/index.php\/datenschutzerklaerung\/"},"modified":"2025-06-02T11:40:41","modified_gmt":"2025-06-02T09:40:41","slug":"datenschutzerklaerung","status":"publish","type":"page","link":"https:\/\/fluffysschnack.de\/index.php\/datenschutzerklaerung\/","title":{"rendered":"Datenschutzerkl\u00e4rung"},"content":{"rendered":"\n<p><\/p>\n\n\n\n<p>Diese Datenschutzerkl\u00e4rung kl\u00e4rt Sie \u00fcber die Art, den Umfang und Zweck der Verarbeitung von personenbezogenen Daten (nachfolgend kurz \u201eDaten\u201c) innerhalb unseres Onlineangebotes und der mit ihm verbundenen Webseiten, Funktionen und Inhalte auf.<\/p>\n\n\n\n<h2 class=\"wp-block-heading\">Verantwortlicher<\/h2>\n\n\n\n<p>Andr\u00e9 Fleischhacker<br><strong>Fluffys Schnac<\/strong>k<br>c\/o COCENTER<br>Koppoldstr. 1<br>86551 Aichach<\/p>\n\n\n\n<p><strong>Kontakt:<\/strong><br>E-Mail:&nbsp;<a href=\"mailto:gaming@fluffyflean.de\">gaming@fluffyflean.de<\/a><\/p>\n\n\n\n<h2 class=\"wp-block-heading\">Erhobene Daten<\/h2>\n\n\n\n<p>Beim Besuch unserer Webseite werden automatisch folgende Daten erhoben:<\/p>\n\n\n\n<ul class=\"wp-block-list\">\n<li>IP-Adresse<\/li>\n\n\n\n<li>Datum und Uhrzeit des Zugriffs<\/li>\n\n\n\n<li>Besuchte Seiten<\/li>\n\n\n\n<li>Browsertyp und -version<\/li>\n\n\n\n<li>Verwendetes Betriebssystem<\/li>\n<\/ul>\n\n\n\n<p>Diese Daten werden ausschlie\u00dflich zur Verbesserung unseres Angebots verwendet und erlauben keine R\u00fcckschl\u00fcsse auf Ihre Person.<\/p>\n\n\n\n<h2 class=\"wp-block-heading\">Registrierung<\/h2>\n\n\n\n<p>Wenn Sie sich registrieren, speichern wir folgende Daten:<\/p>\n\n\n\n<ul class=\"wp-block-list\">\n<li>Ihre E-Mail-Adresse<\/li>\n\n\n\n<li>Benutzername<\/li>\n\n\n\n<li>Passwort (verschl\u00fcsselt)<\/li>\n<\/ul>\n\n\n\n<p>Diese Daten sind erforderlich, um Ihnen Zugriff auf die Funktionen unseres Systems zu erm\u00f6glichen.<\/p>\n\n\n\n<h2 class=\"wp-block-heading\">Cookies<\/h2>\n\n\n\n<p>Wir setzen Cookies ein, um unsere Webseite benutzerfreundlich zu gestalten. Diese Cookies speichern keine personenbezogenen Daten und dienen lediglich der Funktionalit\u00e4t der Webseite.<\/p>\n\n\n\n<h2 class=\"wp-block-heading\">Ihre Rechte<\/h2>\n\n\n\n<p>Sie haben das Recht auf Auskunft \u00fcber die von uns gespeicherten Daten sowie auf Berichtigung, L\u00f6schung oder Einschr\u00e4nkung der Verarbeitung. Kontaktieren Sie uns hierzu unter der oben angegebenen E-Mail-Adresse.<\/p>\n\n\n\n<h2 class=\"wp-block-heading\">\u00c4nderungen der Datenschutzerkl\u00e4rung<\/h2>\n\n\n\n<p>Wir behalten uns vor, diese Datenschutzerkl\u00e4rung anzupassen, um sie an ge\u00e4nderte rechtliche Rahmenbedingungen oder bei \u00c4nderungen unseres Angebots zu aktualisieren.<\/p>\n","protected":false},"excerpt":{"rendered":"<p>Diese Datenschutzerkl\u00e4rung kl\u00e4rt Sie \u00fcber die Art, den Umfang und Zweck der Verarbeitung von personenbezogenen Daten (nachfolgend kurz \u201eDaten\u201c) innerhalb unseres Onlineangebotes und der mit ihm verbundenen Webseiten, Funktionen und [&hellip;]<\/p>\n","protected":false},"author":1,"featured_media":0,"parent":0,"menu_order":0,"comment_status":"closed","ping_status":"closed","template":"full-width","meta":{"saved_in_kubio":true,"footnotes":""},"class_list":["post-656","page","type-page","status-publish","hentry"],"kubio_ai_page_context":{"short_desc":"","purpose":"general"},"_links":{"self":[{"href":"https:\/\/fluffysschnack.de\/index.php\/wp-json\/wp\/v2\/pages\/656","targetHints":{"allow":["GET"]}}],"collection":[{"href":"https:\/\/fluffysschnack.de\/index.php\/wp-json\/wp\/v2\/pages"}],"about":[{"href":"https:\/\/fluffysschnack.de\/index.php\/wp-json\/wp\/v2\/types\/page"}],"author":[{"embeddable":true,"href":"https:\/\/fluffysschnack.de\/index.php\/wp-json\/wp\/v2\/users\/1"}],"replies":[{"embeddable":true,"href":"https:\/\/fluffysschnack.de\/index.php\/wp-json\/wp\/v2\/comments?post=656"}],"version-history":[{"count":2,"href":"https:\/\/fluffysschnack.de\/index.php\/wp-json\/wp\/v2\/pages\/656\/revisions"}],"predecessor-version":[{"id":658,"href":"https:\/\/fluffysschnack.de\/index.php\/wp-json\/wp\/v2\/pages\/656\/revisions\/658"}],"wp:attachment":[{"href":"https:\/\/fluffysschnack.de\/index.php\/wp-json\/wp\/v2\/media?parent=656"}],"curies":[{"name":"wp","href":"https:\/\/api.w.org\/{rel}","templated":true}]}}